{"id":811,"date":"2017-05-01T00:00:53","date_gmt":"2017-04-30T22:00:53","guid":{"rendered":"https:\/\/www.demarcaffe.it\/prodotti\/senza%20categoria\/decaffeinato-cialda\/"},"modified":"2021-09-24T10:58:01","modified_gmt":"2021-09-24T08:58:01","slug":"decaffeinato-cialda","status":"publish","type":"product","link":"https:\/\/www.demarcaffe.it\/de\/prodotti\/per-casa-de\/decaffeinato-cialda\/","title":{"rendered":"Entkoffeinierter Kaffee in der Kapsel"},"content":{"rendered":"","protected":false},"excerpt":{"rendered":"<p>Eine Mischung mit starker Pers\u00f6nlichkeit, jedoch mit der Milde des geringen Koffeingehaltes. Die leichte Holzr\u00f6stung verleiht auch einem leichten und gut bek\u00f6mmlichen Kaffee Intensit\u00e4t und vollen Geschmack. Lassen Sie sich von der Reichhaltigkeit der Aromen und des Geschmacks, sowie der optimalen Cremebildung \u00fcberraschen. Genie\u00dfen Sie einen Kaffee ohne Reue, zu jeder Tageszeit.<br \/>\nFolgende Formate stehen zum Verkauf: Bohnen, gemahlen, Einzelportionen, Kapseln.<\/p>\n<p><strong>Nettogewicht<\/strong><br \/>\n<span style=\"font-size: 200%;\">7,5 g<\/span><\/p>\n<p><img loading=\"lazy\" class=\"wp-image-751\" src=\"https:\/\/www.demarcaffe.it\/wp-content\/uploads\/2017\/05\/deca_de.jpg\" alt=\"\" width=\"150\" height=\"93\" \/><\/p>\n","protected":false},"featured_media":368,"comment_status":"closed","ping_status":"closed","template":"","meta":[],"product_cat":[29],"product_tag":[],"_links":{"self":[{"href":"https:\/\/www.demarcaffe.it\/de\/wp-json\/wp\/v2\/product\/811"}],"collection":[{"href":"https:\/\/www.demarcaffe.it\/de\/wp-json\/wp\/v2\/product"}],"about":[{"href":"https:\/\/www.demarcaffe.it\/de\/wp-json\/wp\/v2\/types\/product"}],"replies":[{"embeddable":true,"href":"https:\/\/www.demarcaffe.it\/de\/wp-json\/wp\/v2\/comments?post=811"}],"wp:featuredmedia":[{"embeddable":true,"href":"https:\/\/www.demarcaffe.it\/de\/wp-json\/wp\/v2\/media\/368"}],"wp:attachment":[{"href":"https:\/\/www.demarcaffe.it\/de\/wp-json\/wp\/v2\/media?parent=811"}],"wp:term":[{"taxonomy":"product_cat","embeddable":true,"href":"https:\/\/www.demarcaffe.it\/de\/wp-json\/wp\/v2\/product_cat?post=811"},{"taxonomy":"product_tag","embeddable":true,"href":"https:\/\/www.demarcaffe.it\/de\/wp-json\/wp\/v2\/product_tag?post=811"}],"curies":[{"name":"wp","href":"https:\/\/api.w.org\/{rel}","templated":true}]}}