{"id":807,"date":"2017-05-01T02:00:59","date_gmt":"2017-05-01T00:00:59","guid":{"rendered":"https:\/\/www.demarcaffe.it\/prodotti\/senza%20categoria\/delicato\/"},"modified":"2021-09-24T10:57:55","modified_gmt":"2021-09-24T08:57:55","slug":"delicato","status":"publish","type":"product","link":"https:\/\/www.demarcaffe.it\/de\/prodotti\/per-casa-de\/delicato\/","title":{"rendered":"Delicato"},"content":{"rendered":"","protected":false},"excerpt":{"rendered":"<p>Eine der Milde und der Eleganz gewidmete Mischung. Ein weicher Geschmack, der im Mund blumige und zarte Aromen hinterl\u00e4sst. Dieser Kaffee wurde gekonnt f\u00fcr diejenigen entwickelt, die ein leichtes und feines Aroma lieben. Sein milder Duft erf\u00fcllt Ihre Tage.<\/p>\n<p><strong>Nettogewicht<\/strong><br \/>\n<span style=\"font-size: 200%;\">250 g<\/span><\/p>\n<p><img loading=\"lazy\" class=\"wp-image-753\" src=\"https:\/\/www.demarcaffe.it\/wp-content\/uploads\/2017\/05\/delicato_de.jpg\" alt=\"\" width=\"150\" height=\"93\" \/><\/p>\n","protected":false},"featured_media":354,"comment_status":"closed","ping_status":"closed","template":"","meta":[],"product_cat":[29],"product_tag":[],"_links":{"self":[{"href":"https:\/\/www.demarcaffe.it\/de\/wp-json\/wp\/v2\/product\/807"}],"collection":[{"href":"https:\/\/www.demarcaffe.it\/de\/wp-json\/wp\/v2\/product"}],"about":[{"href":"https:\/\/www.demarcaffe.it\/de\/wp-json\/wp\/v2\/types\/product"}],"replies":[{"embeddable":true,"href":"https:\/\/www.demarcaffe.it\/de\/wp-json\/wp\/v2\/comments?post=807"}],"wp:featuredmedia":[{"embeddable":true,"href":"https:\/\/www.demarcaffe.it\/de\/wp-json\/wp\/v2\/media\/354"}],"wp:attachment":[{"href":"https:\/\/www.demarcaffe.it\/de\/wp-json\/wp\/v2\/media?parent=807"}],"wp:term":[{"taxonomy":"product_cat","embeddable":true,"href":"https:\/\/www.demarcaffe.it\/de\/wp-json\/wp\/v2\/product_cat?post=807"},{"taxonomy":"product_tag","embeddable":true,"href":"https:\/\/www.demarcaffe.it\/de\/wp-json\/wp\/v2\/product_tag?post=807"}],"curies":[{"name":"wp","href":"https:\/\/api.w.org\/{rel}","templated":true}]}}