{"id":795,"date":"2017-05-01T02:00:19","date_gmt":"2017-05-01T00:00:19","guid":{"rendered":"https:\/\/www.demarcaffe.it\/prodotti\/senza%20categoria\/chic-caffe\/"},"modified":"2021-09-24T10:57:57","modified_gmt":"2021-09-24T08:57:57","slug":"chic-caffe","status":"publish","type":"product","link":"https:\/\/www.demarcaffe.it\/de\/prodotti\/per-il-bar-de\/chic-caffe\/","title":{"rendered":"Chic Caff\u00e8"},"content":{"rendered":"","protected":false},"excerpt":{"rendered":"<p>Eine f\u00fcr den anspruchsvollsten Profi entwickelte und geschaffene Mischung. Die Crema des Kaffees birgt und schlie\u00dft in der Tasse alle aromatischen Noten ein, die den Rahmen f\u00fcr eine Explosion intensiver Aromen abgeben, die sich beim Genuss offenbaren. Der Geschmack ist persistent, schenkt dem Gaumen einen lang anhaltenden Genuss und hinterl\u00e4sst eine s\u00fc\u00dfe Erinnerung.<br \/>\nDie Mischung ist auch in der Version mit Einzelportionskapseln verf\u00fcgbar, die auch f\u00fcr zu Hause zu erstehen sind.<\/p>\n<p><strong>Nettogewicht<\/strong><br \/>\n<span style=\"font-size: 200%;\">1000 g<\/span><\/p>\n<p><img loading=\"lazy\" class=\"\" src=\"https:\/\/www.demarcaffe.it\/wp-content\/uploads\/2017\/05\/chick_caffe_de.jpg\" alt=\"\" width=\"150\" height=\"93\" \/><\/p>\n","protected":false},"featured_media":348,"comment_status":"closed","ping_status":"closed","template":"","meta":[],"product_cat":[27],"product_tag":[],"_links":{"self":[{"href":"https:\/\/www.demarcaffe.it\/de\/wp-json\/wp\/v2\/product\/795"}],"collection":[{"href":"https:\/\/www.demarcaffe.it\/de\/wp-json\/wp\/v2\/product"}],"about":[{"href":"https:\/\/www.demarcaffe.it\/de\/wp-json\/wp\/v2\/types\/product"}],"replies":[{"embeddable":true,"href":"https:\/\/www.demarcaffe.it\/de\/wp-json\/wp\/v2\/comments?post=795"}],"wp:featuredmedia":[{"embeddable":true,"href":"https:\/\/www.demarcaffe.it\/de\/wp-json\/wp\/v2\/media\/348"}],"wp:attachment":[{"href":"https:\/\/www.demarcaffe.it\/de\/wp-json\/wp\/v2\/media?parent=795"}],"wp:term":[{"taxonomy":"product_cat","embeddable":true,"href":"https:\/\/www.demarcaffe.it\/de\/wp-json\/wp\/v2\/product_cat?post=795"},{"taxonomy":"product_tag","embeddable":true,"href":"https:\/\/www.demarcaffe.it\/de\/wp-json\/wp\/v2\/product_tag?post=795"}],"curies":[{"name":"wp","href":"https:\/\/api.w.org\/{rel}","templated":true}]}}