{"id":789,"date":"2017-10-05T21:25:43","date_gmt":"2017-10-05T19:25:43","guid":{"rendered":"https:\/\/www.demarcaffe.it\/prodotti\/senza%20categoria\/moedo\/"},"modified":"2021-09-24T10:57:51","modified_gmt":"2021-09-24T08:57:51","slug":"moedo","status":"publish","type":"product","link":"https:\/\/www.demarcaffe.it\/de\/prodotti\/per-il-bar-de\/moedo\/","title":{"rendered":"MOeDO"},"content":{"rendered":"","protected":false},"excerpt":{"rendered":"<p>Eine f\u00fcr die M\u00e4rkte au\u00dferhalb Italiens entwickelte Mischung. Das Temperament des italienischen Espressos wird von der Milde der Aromen Afrikas und Asiens ausgeglichen. Die Intensit\u00e4t S\u00fcdamerikas schenkt einen vollen und kr\u00e4ftigen Geschmack mit starker Pers\u00f6nlichkeit. In jeder Tasse entdecken Sie eine unglaubliche Cremigkeit, eine optimale Persistenz und ein einzigartiges Aroma.<\/p>\n<p><strong>Nettogewicht<\/strong><br \/>\n<span style=\"font-size: 200%;\">1000 g<\/span><\/p>\n<p><img loading=\"lazy\" class=\"wp-image-755\" src=\"https:\/\/www.demarcaffe.it\/wp-content\/uploads\/2017\/10\/moedo_de.jpg\" alt=\"\" width=\"150\" height=\"93\" \/><\/p>\n","protected":false},"featured_media":742,"comment_status":"closed","ping_status":"closed","template":"","meta":[],"product_cat":[27],"product_tag":[],"_links":{"self":[{"href":"https:\/\/www.demarcaffe.it\/de\/wp-json\/wp\/v2\/product\/789"}],"collection":[{"href":"https:\/\/www.demarcaffe.it\/de\/wp-json\/wp\/v2\/product"}],"about":[{"href":"https:\/\/www.demarcaffe.it\/de\/wp-json\/wp\/v2\/types\/product"}],"replies":[{"embeddable":true,"href":"https:\/\/www.demarcaffe.it\/de\/wp-json\/wp\/v2\/comments?post=789"}],"wp:featuredmedia":[{"embeddable":true,"href":"https:\/\/www.demarcaffe.it\/de\/wp-json\/wp\/v2\/media\/742"}],"wp:attachment":[{"href":"https:\/\/www.demarcaffe.it\/de\/wp-json\/wp\/v2\/media?parent=789"}],"wp:term":[{"taxonomy":"product_cat","embeddable":true,"href":"https:\/\/www.demarcaffe.it\/de\/wp-json\/wp\/v2\/product_cat?post=789"},{"taxonomy":"product_tag","embeddable":true,"href":"https:\/\/www.demarcaffe.it\/de\/wp-json\/wp\/v2\/product_tag?post=789"}],"curies":[{"name":"wp","href":"https:\/\/api.w.org\/{rel}","templated":true}]}}