{"id":602,"date":"2017-04-06T21:38:07","date_gmt":"2017-04-06T19:38:07","guid":{"rendered":"https:\/\/www.demarcaffe.it\/la-cultura-del-caffe\/"},"modified":"2017-10-18T00:39:21","modified_gmt":"2017-10-17T22:39:21","slug":"la-cultura-del-caffe","status":"publish","type":"page","link":"https:\/\/www.demarcaffe.it\/de\/la-cultura-del-caffe\/","title":{"rendered":"Die kultur des kaffees"},"content":{"rendered":"<p>[spb_row element_name=&#8221;Row&#8221; wrap_type=&#8221;full-width-contained&#8221; row_bg_type=&#8221;color&#8221; row_bg_color=&#8221;#2c1504&#8243; color_row_height=&#8221;content-height&#8221; row_style=&#8221;light&#8221; bg_type=&#8221;cover&#8221; parallax_image_height=&#8221;content-height&#8221; parallax_image_movement=&#8221;fixed&#8221; parallax_image_speed=&#8221;standard&#8221; bg_video_loop=&#8221;yes&#8221; parallax_video_height=&#8221;window-height&#8221; row_id=&#8221;alza-di-50&#8243; row_top_style=&#8221;none&#8221; row_bottom_style=&#8221;none&#8221; parallax_video_overlay=&#8221;none&#8221; row_overlay_opacity=&#8221;0&#8243; remove_element_spacing=&#8221;no&#8221; row_col_spacing=&#8221;0&#8243; row_col_pos=&#8221;default&#8221; row_col_equal_heights=&#8221;no&#8221; row_expanding=&#8221;no&#8221; row_animation=&#8221;none&#8221; row_animation_delay=&#8221;0&#8243; minimize_row=&#8221;no&#8221; simplified_controls=&#8221;yes&#8221; custom_css_percentage=&#8221;no&#8221; custom_css=&#8221;margin-top: 0px;margin-bottom: 0px;&#8221; border_styling_global=&#8221;default&#8221; width=&#8221;1\/1&#8243; el_position=&#8221;first last&#8221;] [spb_column col_animation=&#8221;none&#8221; col_animation_delay=&#8221;0&#8243; col_bg_type=&#8221;cover&#8221; col_parallax_image_movement=&#8221;fixed&#8221; col_parallax_image_speed=&#8221;0.5&#8243; col_padding=&#8221;0&#8243; col_vertical_offset=&#8221;0&#8243; col_horizontal_offset=&#8221;0&#8243; col_custom_zindex=&#8221;0&#8243; col_sm=&#8221;12&#8243; simplified_controls=&#8221;yes&#8221; custom_css_percentage=&#8221;no&#8221; padding_vertical=&#8221;0&#8243; padding_horizontal=&#8221;0&#8243; margin_vertical=&#8221;0&#8243; custom_css=&#8221;margin-top: 0px;margin-bottom: 0px;&#8221; border_styling_global=&#8221;default&#8221; width=&#8221;1\/1&#8243; el_position=&#8221;first last&#8221;] [spb_text_block animation=&#8221;none&#8221; animation_delay=&#8221;0&#8243; simplified_controls=&#8221;yes&#8221; custom_css_percentage=&#8221;no&#8221; padding_vertical=&#8221;0&#8243; padding_horizontal=&#8221;0&#8243; margin_vertical=&#8221;0&#8243; custom_css=&#8221;margin-top: 0px;margin-bottom: 0px;&#8221; border_size=&#8221;0&#8243; border_styling_global=&#8221;default&#8221; width=&#8221;1\/1&#8243; el_position=&#8221;first last&#8221;]<\/p>\n<h2 style=\"color: #fff!important; text-align: center;\">DIE KULTUR DES KAFFEES<\/h2>\n<p style=\"text-align: center;\">Unseren Kunden die beste Kaffeequalit\u00e4t zu bieten, ist das prim\u00e4re Ziel unserer Arbeit.<br \/>\nImmer, wenn Sie einen Demar-Kaffee bestellen, trinken Sie nicht einfach nur einen Kaffee, sondern Sie durchlaufen mit all Ihren Sinnen die lange Reise einer jeden einzelnen Kaffeebohne, von der Ernte, bis in Ihre Tasse. Der Geschmack unseres Kaffees ist der Geschmack der Karibiksonne, der Farben S\u00fcdamerikas, der Gew\u00fcrze Asiens, der St\u00e4rke Afrikas und der fernen Horizonte, aus denen wir nur die besten Qualit\u00e4ten ausw\u00e4hlen. Es ist der Geschmack des Feuers und des Holzes, die langsam die Bohnen r\u00f6sten und ihr volles Aroma hervorbringen. Es ist der Geschmack der Arbeit des Meisters, die mit Sorgfalt, Einsatz und vor allem mit Leidenschaft verrichtet wird.<br \/>\n<strong>Dies ist f\u00fcr uns Kultur. Die Kultur unseres Kaffees.<\/strong><\/p>\n<p>[\/spb_text_block] [spb_blank_spacer height=&#8221;20px&#8221; width=&#8221;1\/1&#8243; el_position=&#8221;first last&#8221;] [\/spb_column] [\/spb_row] [spb_row element_name=&#8221;Row&#8221; wrap_type=&#8221;full-width-stretch&#8221; row_bg_type=&#8221;image&#8221; color_row_height=&#8221;content-height&#8221; bg_type=&#8221;cover&#8221; parallax_image_height=&#8221;content-height&#8221; parallax_image_movement=&#8221;fixed&#8221; parallax_image_speed=&#8221;standard&#8221; bg_video_loop=&#8221;yes&#8221; parallax_video_height=&#8221;window-height&#8221; row_top_style=&#8221;none&#8221; row_bottom_style=&#8221;none&#8221; parallax_video_overlay=&#8221;none&#8221; row_overlay_opacity=&#8221;0&#8243; remove_element_spacing=&#8221;no&#8221; row_col_spacing=&#8221;0&#8243; row_col_pos=&#8221;default&#8221; row_col_equal_heights=&#8221;no&#8221; row_expanding=&#8221;no&#8221; row_animation=&#8221;none&#8221; row_animation_delay=&#8221;0&#8243; minimize_row=&#8221;no&#8221; simplified_controls=&#8221;yes&#8221; custom_css_percentage=&#8221;no&#8221; custom_css=&#8221;margin-top: 0px;margin-bottom: 0px;&#8221; border_styling_global=&#8221;default&#8221; width=&#8221;1\/1&#8243; el_position=&#8221;first last&#8221;] [spb_column col_sm=&#8221;12&#8243; padding_horizontal=&#8221;0&#8243; width=&#8221;1\/1&#8243; el_position=&#8221;first last&#8221;] [spb_image_banner image=&#8221;272&#8243; image_size=&#8221;full&#8221; content_pos=&#8221;left&#8221; content_textalign=&#8221;left&#8221; animation=&#8221;none&#8221; animation_delay=&#8221;200&#8243; link_target=&#8221;_self&#8221; width=&#8221;1\/1&#8243; el_position=&#8221;first last&#8221;][\/spb_image_banner] [\/spb_column] [\/spb_row] [spb_row element_name=&#8221;Row&#8221; wrap_type=&#8221;standard-width&#8221; row_bg_type=&#8221;color&#8221; color_row_height=&#8221;content-height&#8221; bg_type=&#8221;cover&#8221; parallax_image_height=&#8221;content-height&#8221; parallax_image_movement=&#8221;fixed&#8221; parallax_image_speed=&#8221;standard&#8221; bg_video_loop=&#8221;yes&#8221; parallax_video_height=&#8221;window-height&#8221; row_id=&#8221;lista-servizi&#8221; row_top_style=&#8221;none&#8221; row_bottom_style=&#8221;none&#8221; parallax_video_overlay=&#8221;none&#8221; row_overlay_opacity=&#8221;0&#8243; remove_element_spacing=&#8221;no&#8221; row_col_spacing=&#8221;0&#8243; row_col_pos=&#8221;default&#8221; row_col_equal_heights=&#8221;no&#8221; row_expanding=&#8221;no&#8221; row_animation=&#8221;none&#8221; row_animation_delay=&#8221;0&#8243; minimize_row=&#8221;no&#8221; simplified_controls=&#8221;yes&#8221; custom_css_percentage=&#8221;no&#8221; custom_css=&#8221;margin-top: 0px;margin-bottom: 0px;&#8221; border_styling_global=&#8221;default&#8221; width=&#8221;1\/1&#8243; el_position=&#8221;first last&#8221;] [spb_blank_spacer height=&#8221;70px&#8221; width=&#8221;1\/1&#8243; el_position=&#8221;first last&#8221;] [spb_column col_sm=&#8221;4&#8243; padding_horizontal=&#8221;0&#8243; width=&#8221;1\/3&#8243; el_position=&#8221;first&#8221;] [\/spb_column] [spb_column col_sm=&#8221;6&#8243; padding_horizontal=&#8221;0&#8243; width=&#8221;1\/2&#8243; el_position=&#8221;last&#8221;] [spb_text_block animation=&#8221;none&#8221; animation_delay=&#8221;0&#8243; simplified_controls=&#8221;yes&#8221; custom_css_percentage=&#8221;no&#8221; padding_vertical=&#8221;0&#8243; padding_horizontal=&#8221;0&#8243; margin_vertical=&#8221;0&#8243; custom_css=&#8221;margin-top: 0px;margin-bottom: 0px;&#8221; border_size=&#8221;0&#8243; border_styling_global=&#8221;default&#8221; width=&#8221;1\/1&#8243; el_position=&#8221;first last&#8221;]<\/p>\n<h4>Die Auswahl<\/h4>\n<p>Der erste Schritt, um zu garantieren, dass nur die besten Kaffeequalit\u00e4ten f\u00fcr unsere Mischungen verwendet werden, ist die sorgf\u00e4ltige Auswahl. Der weltweit aus verschiedenen L\u00e4ndern stammende gr\u00fcne Kaffee wird, bevor er zugelassen wird, vielfach gepr\u00fcft und probiert. Nach der akkuraten Reinigung und Auswahl, kommt der Kaffee in den traditionellen Jutes\u00e4cken an. Im Unternehmen muss er weitere Kontrollen und Qualit\u00e4tstests bestehen, die direkt von den Inhabern vor und w\u00e4hrend seiner Verwendung in der Mischung durchgef\u00fchrt werden, um das richtige Gleichgewicht hinsichtlich des Geschmacks, sowie der aromatischen und organoleptischen Qualit\u00e4ten zu finden, die sich dann in der Tasse wiederfinden.<\/p>\n<p>[\/spb_text_block] [\/spb_column] [spb_blank_spacer height=&#8221;70px&#8221; width=&#8221;1\/1&#8243; el_position=&#8221;first last&#8221;] [\/spb_row] [spb_row element_name=&#8221;Row&#8221; wrap_type=&#8221;content-width&#8221; parallax_image_height=&#8221;content-height&#8221; parallax_image_movement=&#8221;fixed&#8221; parallax_image_speed=&#8221;0.5&#8243; bg_video_loop=&#8221;yes&#8221; parallax_video_height=&#8221;window-height&#8221; parallax_video_overlay=&#8221;none&#8221; row_overlay_opacity=&#8221;0&#8243; row_col_pos=&#8221;default&#8221; width=&#8221;1\/1&#8243; el_position=&#8221;first last&#8221;] [spb_column col_sm=&#8221;12&#8243; padding_horizontal=&#8221;0&#8243; width=&#8221;1\/1&#8243; el_position=&#8221;first last&#8221;] [spb_blank_spacer height=&#8221;40px&#8221; responsive_vis=&#8221;hidden-xs&#8221; width=&#8221;1\/1&#8243; el_position=&#8221;first last&#8221;] [spb_text_block animation=&#8221;none&#8221; animation_delay=&#8221;0&#8243; simplified_controls=&#8221;yes&#8221; custom_css_percentage=&#8221;no&#8221; padding_vertical=&#8221;0&#8243; padding_horizontal=&#8221;0&#8243; margin_vertical=&#8221;0&#8243; custom_css=&#8221;margin-top: 0px;margin-bottom: 0px;&#8221; border_size=&#8221;0&#8243; border_styling_global=&#8221;default&#8221; width=&#8221;1\/1&#8243; el_position=&#8221;first last&#8221;]<\/p>\n<p><img class=\"alignleft img-sx size-full wp-image-245\" src=\"https:\/\/www.demarcaffe.it\/wp-content\/uploads\/2017\/04\/sfondo-4.jpg\" alt=\"\" \/><img class=\"alignleft img-dx size-full wp-image-244\" src=\"https:\/\/www.demarcaffe.it\/wp-content\/uploads\/2017\/04\/sfondo-5.jpg\" alt=\"\" \/><img class=\"alignleft img-dx size-full wp-image-243\" src=\"https:\/\/www.demarcaffe.it\/wp-content\/uploads\/2017\/04\/sfondo-6.jpg\" alt=\"\" \/><\/p>\n<p>[\/spb_text_block] [\/spb_column] [\/spb_row] [spb_row element_name=&#8221;Row&#8221; wrap_type=&#8221;standard-width&#8221; row_bg_type=&#8221;color&#8221; color_row_height=&#8221;content-height&#8221; bg_type=&#8221;cover&#8221; parallax_image_height=&#8221;content-height&#8221; parallax_image_movement=&#8221;fixed&#8221; parallax_image_speed=&#8221;standard&#8221; bg_video_loop=&#8221;yes&#8221; parallax_video_height=&#8221;window-height&#8221; row_id=&#8221;lista-servizi&#8221; row_top_style=&#8221;none&#8221; row_bottom_style=&#8221;none&#8221; parallax_video_overlay=&#8221;none&#8221; row_overlay_opacity=&#8221;0&#8243; remove_element_spacing=&#8221;no&#8221; row_col_spacing=&#8221;0&#8243; row_col_pos=&#8221;default&#8221; row_col_equal_heights=&#8221;no&#8221; row_expanding=&#8221;no&#8221; row_animation=&#8221;none&#8221; row_animation_delay=&#8221;0&#8243; minimize_row=&#8221;no&#8221; simplified_controls=&#8221;yes&#8221; custom_css_percentage=&#8221;no&#8221; custom_css=&#8221;margin-top: 0px;margin-bottom: 0px;&#8221; border_styling_global=&#8221;default&#8221; width=&#8221;1\/1&#8243; el_position=&#8221;first last&#8221;] [spb_blank_spacer height=&#8221;70px&#8221; responsive_vis=&#8221;hidden-xs&#8221; width=&#8221;1\/1&#8243; el_position=&#8221;first last&#8221;] [spb_column col_sm=&#8221;4&#8243; padding_horizontal=&#8221;0&#8243; width=&#8221;1\/3&#8243; el_position=&#8221;first&#8221;] [spb_image image=&#8221;35&#8243; image_size=&#8221;thumbnail&#8221; frame=&#8221;noframe&#8221; caption_pos=&#8221;hover&#8221; remove_rounded=&#8221;yes&#8221; fullwidth=&#8221;no&#8221; overflow_mode=&#8221;none&#8221; el_class=&#8221;immagine1&#8243; link_target=&#8221;_self&#8221; lightbox=&#8221;no&#8221; intro_animation=&#8221;none&#8221; animation_delay=&#8221;200&#8243; width=&#8221;1\/1&#8243; el_position=&#8221;first last&#8221;][\/spb_image] [\/spb_column] [spb_column col_sm=&#8221;6&#8243; padding_horizontal=&#8221;0&#8243; width=&#8221;1\/2&#8243; el_position=&#8221;last&#8221;] [spb_text_block animation=&#8221;none&#8221; animation_delay=&#8221;0&#8243; simplified_controls=&#8221;yes&#8221; custom_css_percentage=&#8221;no&#8221; padding_vertical=&#8221;0&#8243; padding_horizontal=&#8221;0&#8243; margin_vertical=&#8221;0&#8243; custom_css=&#8221;margin-top: 0px;margin-bottom: 0px;&#8221; border_size=&#8221;0&#8243; border_styling_global=&#8221;default&#8221; width=&#8221;1\/1&#8243; el_position=&#8221;first last&#8221;]<\/p>\n<h4>Die Kunst der R\u00f6stung<\/h4>\n<p>Unsere Mischungen werden ausschlie\u00dflich holzger\u00f6stet und folgen der althergebrachten Familientradition.<br \/>\nIn dieser Phase machen die Geschicklichkeit und die Erfahrung des R\u00f6stmeisters den Unterschied.<br \/>\nUnter seiner st\u00e4ndigen Kontrolle wird der Kaffee langsam ger\u00f6stet und dabei schrittweise und vorsichtig auf Temperatur gebracht. Diese Aufmerksamkeit und diese Umsicht finden sich in der Tasse wieder, wo die perfekte Vermengung der durch das R\u00f6sten vermischten D\u00fcfte dem Kaffee noch mehr Aroma, Betonung aber auch Intensit\u00e4t, St\u00e4rke und doch Ausgewogenheit verleihen.<br \/>\nIn diesen Jahren brachte uns unsere Erfahrung dahin, nur zertifiziertes Buchenholz zu nutzen, um somit das bestm\u00f6gliche Betriebsergebnis zu erzielen und gleichzeitig die Umweltbelastungen m\u00f6glichst gering zu halten.<br \/>\nDie so langsame und vorsichtige R\u00f6stung kennzeichnet ein harmonisches und aromareiches Produkt.<br \/>\nEin au\u00dfergew\u00f6hnliches Produkt durch die Kunstfertigkeit, die wir von Generation zu Generation weitergeben.<br \/>\nEin Geschick, das wir seit fast 50 Jahren mit der gleichen Sorgfalt und Hingabe fortsetzen.<br \/>\nAll unsere Mischungen werden ausschlie\u00dflich holzger\u00f6stet und folgen der althergebrachten Familientradition.<br \/>\nHier kommen dann auch die Erfahrung und das K\u00f6nnen des R\u00f6stmeisters ins Spiel: unter seiner st\u00e4ndigen und aufmerksamen Kontrolle wird der Kaffee f\u00fcr ca. 30 Minuten bei einer Temperatur von 170 \u00b0C ger\u00f6stet. Zu diesem Zweck nutzen wir nur zertifiziertes Buchenholz, das jeder einzelnen Bohne einen ganz besonderen Geschmack verleiht und sich so mit den Aromaeigenschaften der einzelnen Kaffeequalit\u00e4ten verbindet.<br \/>\nDies macht unseren Kaffee so au\u00dfergew\u00f6hnlich: eine Fertigkeit, die wir von Generation zu Generation weitergeben und die wir mit der gleichen Sorgfalt und Hingabe seit fast 50 Jahren verfolgen.<\/p>\n<p>[\/spb_text_block] [\/spb_column] [spb_blank_spacer height=&#8221;70px&#8221; width=&#8221;1\/1&#8243; el_position=&#8221;first last&#8221;] [\/spb_row] [spb_row element_name=&#8221;Row&#8221; wrap_type=&#8221;content-width&#8221; parallax_image_height=&#8221;content-height&#8221; parallax_image_movement=&#8221;fixed&#8221; parallax_image_speed=&#8221;0.5&#8243; bg_video_loop=&#8221;yes&#8221; parallax_video_height=&#8221;window-height&#8221; parallax_video_overlay=&#8221;none&#8221; row_overlay_opacity=&#8221;0&#8243; row_col_pos=&#8221;default&#8221; width=&#8221;1\/1&#8243; el_position=&#8221;first last&#8221;] [spb_column col_sm=&#8221;12&#8243; padding_horizontal=&#8221;0&#8243; width=&#8221;1\/1&#8243; el_position=&#8221;first last&#8221;] [spb_blank_spacer height=&#8221;40px&#8221; responsive_vis=&#8221;hidden-xs&#8221; width=&#8221;1\/1&#8243; el_position=&#8221;first last&#8221;] [spb_text_block animation=&#8221;none&#8221; animation_delay=&#8221;0&#8243; simplified_controls=&#8221;yes&#8221; custom_css_percentage=&#8221;no&#8221; padding_vertical=&#8221;0&#8243; padding_horizontal=&#8221;0&#8243; margin_vertical=&#8221;0&#8243; custom_css=&#8221;margin-top: 0px;margin-bottom: 0px;&#8221; border_size=&#8221;0&#8243; border_styling_global=&#8221;default&#8221; width=&#8221;1\/1&#8243; el_position=&#8221;first last&#8221;]<\/p>\n<p><img class=\"alignleft img-sx size-full wp-image-245\" style=\"width: 39%!important;\" src=\"https:\/\/www.demarcaffe.it\/wp-content\/uploads\/2017\/04\/pack_demar.jpg\" alt=\"\" \/><img class=\"alignleft img-dx size-full wp-image-244\" src=\"https:\/\/www.demarcaffe.it\/wp-content\/uploads\/2017\/04\/sfondo-8.jpg\" alt=\"\" \/><\/p>\n<p>[\/spb_text_block] [\/spb_column] [\/spb_row] [spb_row element_name=&#8221;Row&#8221; wrap_type=&#8221;standard-width&#8221; row_bg_type=&#8221;color&#8221; color_row_height=&#8221;content-height&#8221; bg_type=&#8221;cover&#8221; parallax_image_height=&#8221;content-height&#8221; parallax_image_movement=&#8221;fixed&#8221; parallax_image_speed=&#8221;standard&#8221; bg_video_loop=&#8221;yes&#8221; parallax_video_height=&#8221;window-height&#8221; row_id=&#8221;lista-servizi&#8221; row_top_style=&#8221;none&#8221; row_bottom_style=&#8221;none&#8221; parallax_video_overlay=&#8221;none&#8221; row_overlay_opacity=&#8221;0&#8243; remove_element_spacing=&#8221;no&#8221; row_col_spacing=&#8221;0&#8243; row_col_pos=&#8221;default&#8221; row_col_equal_heights=&#8221;no&#8221; row_expanding=&#8221;no&#8221; row_animation=&#8221;none&#8221; row_animation_delay=&#8221;0&#8243; minimize_row=&#8221;no&#8221; simplified_controls=&#8221;yes&#8221; custom_css_percentage=&#8221;no&#8221; custom_css=&#8221;margin-top: 0px;margin-bottom: 0px;&#8221; border_styling_global=&#8221;default&#8221; width=&#8221;1\/1&#8243; el_position=&#8221;first last&#8221;] [spb_blank_spacer height=&#8221;70px&#8221; responsive_vis=&#8221;hidden-xs&#8221; width=&#8221;1\/1&#8243; el_position=&#8221;first last&#8221;] [spb_column col_sm=&#8221;4&#8243; padding_horizontal=&#8221;0&#8243; width=&#8221;1\/3&#8243; el_position=&#8221;first&#8221;] [\/spb_column] [spb_column col_sm=&#8221;6&#8243; padding_horizontal=&#8221;0&#8243; width=&#8221;1\/2&#8243; el_position=&#8221;last&#8221;] [spb_text_block animation=&#8221;none&#8221; animation_delay=&#8221;0&#8243; simplified_controls=&#8221;yes&#8221; custom_css_percentage=&#8221;no&#8221; padding_vertical=&#8221;0&#8243; padding_horizontal=&#8221;0&#8243; margin_vertical=&#8221;0&#8243; custom_css=&#8221;margin-top: 0px;margin-bottom: 0px;&#8221; border_size=&#8221;0&#8243; border_styling_global=&#8221;default&#8221; width=&#8221;1\/1&#8243; el_position=&#8221;first last&#8221;]<\/p>\n<h4>Die Verpackung<\/h4>\n<p>Gleich nach dem R\u00f6sten wird der Kaffee in Silos gelagert, in denen er langsam abk\u00fchlt, wobei sich die Aromen miteinander verbinden k\u00f6nnen. Wir lassen den Kaffee dann f\u00fcr mindestens eine Woche ruhen, um stets den vollen und reichhaltigen Geschmack einer jeden einzelnen Bohne garantieren zu k\u00f6nnen.<br \/>\nUm nicht den Geschmack und das Aroma, die der Kaffee w\u00e4hrend seiner unglaublichen Verwandlung angenommen hat zu ver\u00e4ndern, haben wir uns f\u00fcr moderne Verpackungsmaschinen entschieden. Von der einfachen Bohne zu einem erstaunlichen Katalysator von Aromen und sensorischen Erfahrungen.<br \/>\nAnschlie\u00dfend wird der ger\u00f6stete Kaffee in T\u00fcten verpackt und mit modernen Maschinen versiegelt, die garantieren, dass dessen Aroma bis zum Augenblick der \u00d6ffnung bewahrt bleibt.<\/p>\n<p>[\/spb_text_block] [\/spb_column] [spb_blank_spacer height=&#8221;70px&#8221; width=&#8221;1\/1&#8243; el_position=&#8221;first last&#8221;] [\/spb_row] [spb_row element_name=&#8221;Row&#8221; wrap_type=&#8221;full-width-contained&#8221; row_bg_type=&#8221;color&#8221; row_bg_color=&#8221;#d4cdc1&#8243; color_row_height=&#8221;content-height&#8221; row_style=&#8221;dark&#8221; bg_type=&#8221;cover&#8221; parallax_image_height=&#8221;content-height&#8221; parallax_image_movement=&#8221;fixed&#8221; parallax_image_speed=&#8221;standard&#8221; bg_video_loop=&#8221;yes&#8221; parallax_video_height=&#8221;window-height&#8221; row_top_style=&#8221;none&#8221; row_bottom_style=&#8221;none&#8221; parallax_video_overlay=&#8221;none&#8221; row_overlay_opacity=&#8221;0&#8243; remove_element_spacing=&#8221;no&#8221; row_col_spacing=&#8221;0&#8243; row_col_pos=&#8221;default&#8221; row_col_equal_heights=&#8221;no&#8221; row_expanding=&#8221;no&#8221; row_animation=&#8221;none&#8221; row_animation_delay=&#8221;0&#8243; minimize_row=&#8221;no&#8221; simplified_controls=&#8221;yes&#8221; custom_css_percentage=&#8221;no&#8221; custom_css=&#8221;margin-top: 0px;margin-bottom: 0px;&#8221; border_styling_global=&#8221;default&#8221; width=&#8221;1\/1&#8243; el_position=&#8221;first last&#8221;] [spb_column col_sm=&#8221;12&#8243; padding_horizontal=&#8221;0&#8243; width=&#8221;1\/1&#8243; el_position=&#8221;first last&#8221;] [spb_blank_spacer height=&#8221;20px&#8221; width=&#8221;1\/1&#8243; el_position=&#8221;first last&#8221;] [spb_text_block animation=&#8221;none&#8221; animation_delay=&#8221;0&#8243; simplified_controls=&#8221;yes&#8221; custom_css_percentage=&#8221;no&#8221; padding_vertical=&#8221;0&#8243; padding_horizontal=&#8221;0&#8243; margin_vertical=&#8221;0&#8243; custom_css=&#8221;margin-top: 0px;margin-bottom: 0px;&#8221; border_size=&#8221;0&#8243; border_styling_global=&#8221;default&#8221; width=&#8221;1\/1&#8243; el_position=&#8221;first last&#8221;]<\/p>\n<h2 style=\"text-align: center;\">DER T\u00c4GLICHE RHYTHMUS DES KAFFEES<\/h2>\n<p style=\"text-align: center;\"><strong>Wir m\u00f6chten, dass der Kaffee ein richtiges Ritual ist, das alle Sinne mit einbezieht. <\/strong><br \/>\nDieser Kaffeegenuss muss von Beginn an genossen werden, vom festen Schlag des Dosierers, bis hin zum weichen Blubbern des Wassers in der Maschine und zum Klimpern des Kaffeel\u00f6ffelchens. Betrachten Sie dann Ihren Espresso in der Tasse, mit seiner einladenden nussbraunen Farbe und der samtigen Creme. Atmen Sie tief die Aromen ein und versuchen Sie, die Noten von Schokolade, Bl\u00fcten, Fr\u00fcchten und den einzigartigen Duft des Holzes wahrzunehmen.<br \/>\nErst jetzt kosten Sie den intensiven, vollen und runden Geschmack. Lassen Sie sich von seiner Vollmundigkeit und der samtigen Creme am Gaumen erobern. Lassen Sie zu, dass der anf\u00e4nglich bittere Geschmack einem s\u00fc\u00dfen Nachgeschmack Platz macht, der Ihnen ein L\u00e4cheln ins Gesicht zaubert, wie eine sch\u00f6ne Erinnerung.<\/p>\n<p>[\/spb_text_block] [spb_blank_spacer height=&#8221;20px&#8221; width=&#8221;1\/1&#8243; el_position=&#8221;first last&#8221;] [\/spb_column] [\/spb_row]<\/p>\n","protected":false},"excerpt":{"rendered":"<p>[spb_row element_name=&#8221;Row&#8221; wrap_type=&#8221;full-width-contained&#8221; row_bg_type=&#8221;color&#8221; row_bg_color=&#8221;#2c1504&#8243; color_row_height=&#8221;content-height&#8221; row_style=&#8221;light&#8221; bg_type=&#8221;cover&#8221; parallax_image_height=&#8221;content-height&#8221; parallax_image_movement=&#8221;fixed&#8221; parallax_image_speed=&#8221;standard&#8221; bg_video_loop=&#8221;yes&#8221; parallax_video_height=&#8221;window-height&#8221; row_id=&#8221;alza-di-50&#8243; row_top_style=&#8221;none&#8221; row_bottom_style=&#8221;none&#8221; parallax_video_overlay=&#8221;none&#8221; row_overlay_opacity=&#8221;0&#8243; remove_element_spacing=&#8221;no&#8221; row_col_spacing=&#8221;0&#8243; row_col_pos=&#8221;default&#8221; row_col_equal_heights=&#8221;no&#8221; row_expanding=&#8221;no&#8221; row_animation=&#8221;none&#8221; row_animation_delay=&#8221;0&#8243; minimize_row=&#8221;no&#8221; simplified_controls=&#8221;yes&#8221; custom_css_percentage=&#8221;no&#8221; custom_css=&#8221;margin-top: 0px;margin-bottom: 0px;&#8221; border_styling_global=&#8221;default&#8221; width=&#8221;1\/1&#8243; el_position=&#8221;first last&#8221;] [spb_column col_animation=&#8221;none&#8221; col_animation_delay=&#8221;0&#8243; col_bg_type=&#8221;cover&#8221; col_parallax_image_movement=&#8221;fixed&#8221; col_parallax_image_speed=&#8221;0.5&#8243; col_padding=&#8221;0&#8243; col_vertical_offset=&#8221;0&#8243; col_horizontal_offset=&#8221;0&#8243; col_custom_zindex=&#8221;0&#8243; col_sm=&#8221;12&#8243; simplified_controls=&#8221;yes&#8221; custom_css_percentage=&#8221;no&#8221; padding_vertical=&#8221;0&#8243; padding_horizontal=&#8221;0&#8243; margin_vertical=&#8221;0&#8243; custom_css=&#8221;margin-top: 0px;margin-bottom: 0px;&#8221; border_styling_global=&#8221;default&#8221; width=&#8221;1\/1&#8243; el_position=&#8221;first last&#8221;] [spb_text_block animation=&#8221;none&#8221; [&hellip;]<\/p>\n","protected":false},"author":1,"featured_media":0,"parent":0,"menu_order":0,"comment_status":"closed","ping_status":"closed","template":"","meta":[],"_links":{"self":[{"href":"https:\/\/www.demarcaffe.it\/de\/wp-json\/wp\/v2\/pages\/602"}],"collection":[{"href":"https:\/\/www.demarcaffe.it\/de\/wp-json\/wp\/v2\/pages"}],"about":[{"href":"https:\/\/www.demarcaffe.it\/de\/wp-json\/wp\/v2\/types\/page"}],"author":[{"embeddable":true,"href":"https:\/\/www.demarcaffe.it\/de\/wp-json\/wp\/v2\/users\/1"}],"replies":[{"embeddable":true,"href":"https:\/\/www.demarcaffe.it\/de\/wp-json\/wp\/v2\/comments?post=602"}],"version-history":[{"count":2,"href":"https:\/\/www.demarcaffe.it\/de\/wp-json\/wp\/v2\/pages\/602\/revisions"}],"predecessor-version":[{"id":788,"href":"https:\/\/www.demarcaffe.it\/de\/wp-json\/wp\/v2\/pages\/602\/revisions\/788"}],"wp:attachment":[{"href":"https:\/\/www.demarcaffe.it\/de\/wp-json\/wp\/v2\/media?parent=602"}],"curies":[{"name":"wp","href":"https:\/\/api.w.org\/{rel}","templated":true}]}}